{"id":3796,"date":"2020-11-27T00:51:21","date_gmt":"2020-11-27T05:51:21","guid":{"rendered":"https:\/\/synkro.ca\/costing-des-operations-en-temps-reel\/"},"modified":"2022-06-06T13:55:09","modified_gmt":"2022-06-06T17:55:09","slug":"real-time-operational-cost-evaluation","status":"publish","type":"page","link":"https:\/\/synkro.ca\/en\/real-time-operational-cost-evaluation\/","title":{"rendered":"Costing of operations in REAL TIME"},"content":{"rendered":"\t\t<div data-elementor-type=\"wp-page\" data-elementor-id=\"3796\" class=\"elementor elementor-3796 elementor-2211\" data-elementor-post-type=\"page\">\n\t\t\t\t\t\t<section class=\"elementor-section elementor-top-section elementor-element elementor-element-cc530ff elementor-section-boxed elementor-section-height-default elementor-section-height-default\" data-id=\"cc530ff\" data-element_type=\"section\" data-e-type=\"section\">\n\t\t\t\t\t\t<div class=\"elementor-container elementor-column-gap-default\">\n\t\t\t\t\t<div class=\"elementor-column elementor-col-100 elementor-top-column elementor-element elementor-element-41d139f\" data-id=\"41d139f\" data-element_type=\"column\" data-e-type=\"column\">\n\t\t\t<div class=\"elementor-widget-wrap elementor-element-populated\">\n\t\t\t\t\t\t<div class=\"elementor-element elementor-element-8310085 elementor-align-center elementor-widget elementor-widget-button\" data-id=\"8310085\" data-element_type=\"widget\" data-e-type=\"widget\" data-widget_type=\"button.default\">\n\t\t\t\t<div class=\"elementor-widget-container\">\n\t\t\t\t\t\t\t\t\t<div class=\"elementor-button-wrapper\">\n\t\t\t\t\t<a class=\"elementor-button elementor-button-link elementor-size-sm\" href=\"https:\/\/synkro.ca\/en\/achievements\/\">\n\t\t\t\t\t\t<span class=\"elementor-button-content-wrapper\">\n\t\t\t\t\t\t\t\t\t<span class=\"elementor-button-text\">GO BACK<\/span>\n\t\t\t\t\t<\/span>\n\t\t\t\t\t<\/a>\n\t\t\t\t<\/div>\n\t\t\t\t\t\t\t\t<\/div>\n\t\t\t\t<\/div>\n\t\t\t\t\t<\/div>\n\t\t<\/div>\n\t\t\t\t\t<\/div>\n\t\t<\/section>\n\t\t\t\t<section class=\"elementor-section elementor-top-section elementor-element elementor-element-c331774 elementor-section-boxed elementor-section-height-default elementor-section-height-default\" data-id=\"c331774\" data-element_type=\"section\" data-e-type=\"section\">\n\t\t\t\t\t\t<div class=\"elementor-container elementor-column-gap-wide\">\n\t\t\t\t\t<div class=\"elementor-column elementor-col-100 elementor-top-column elementor-element elementor-element-d83d3fc\" data-id=\"d83d3fc\" data-element_type=\"column\" data-e-type=\"column\">\n\t\t\t<div class=\"elementor-widget-wrap elementor-element-populated\">\n\t\t\t\t\t\t<section class=\"elementor-section elementor-inner-section elementor-element elementor-element-7b0819c elementor-section-boxed elementor-section-height-default elementor-section-height-default\" data-id=\"7b0819c\" data-element_type=\"section\" data-e-type=\"section\">\n\t\t\t\t\t\t<div class=\"elementor-container elementor-column-gap-default\">\n\t\t\t\t\t<div class=\"elementor-column elementor-col-100 elementor-inner-column elementor-element elementor-element-bf91d25\" data-id=\"bf91d25\" data-element_type=\"column\" data-e-type=\"column\" data-settings=\"{&quot;background_background&quot;:&quot;classic&quot;}\">\n\t\t\t<div class=\"elementor-widget-wrap elementor-element-populated\">\n\t\t\t\t\t\t<div class=\"elementor-element elementor-element-7975af2 elementor-widget elementor-widget-text-editor\" data-id=\"7975af2\" data-element_type=\"widget\" data-e-type=\"widget\" data-widget_type=\"text-editor.default\">\n\t\t\t\t<div class=\"elementor-widget-container\">\n\t\t\t\t\t\t\t\t\t<h3 style=\"text-align: center;\"><strong><span style=\"color: #0eabd9;\">RECREATIONAL PRODUCT MANUFACTURER<\/span><\/strong><\/h3><h2 style=\"text-align: center;\"><span style=\"color: #ffffff;\">The client, a recreational product manufacturer, processes over 3 million orders per year, dispatching product to 5 different warehouses and 1,500 delivery points on multiple continents. <\/span><\/h2><h3 style=\"text-align: center;\"><span style=\"color: #ffffff;\">With such a vast and complex network, the client\u2019s distribution costs were growing steadily.<\/span><\/h3>\t\t\t\t\t\t\t\t<\/div>\n\t\t\t\t<\/div>\n\t\t\t\t\t<\/div>\n\t\t<\/div>\n\t\t\t\t\t<\/div>\n\t\t<\/section>\n\t\t\t\t<section class=\"elementor-section elementor-inner-section elementor-element elementor-element-1e9c062 elementor-section-boxed elementor-section-height-default elementor-section-height-default\" data-id=\"1e9c062\" data-element_type=\"section\" data-e-type=\"section\" data-settings=\"{&quot;background_background&quot;:&quot;classic&quot;}\">\n\t\t\t\t\t\t<div class=\"elementor-container elementor-column-gap-default\">\n\t\t\t\t\t<div class=\"elementor-column elementor-col-33 elementor-inner-column elementor-element elementor-element-5d7d01c\" data-id=\"5d7d01c\" data-element_type=\"column\" data-e-type=\"column\">\n\t\t\t<div class=\"elementor-widget-wrap\">\n\t\t\t\t\t\t\t<\/div>\n\t\t<\/div>\n\t\t\t\t<div class=\"elementor-column elementor-col-33 elementor-inner-column elementor-element elementor-element-e3174ae\" data-id=\"e3174ae\" data-element_type=\"column\" data-e-type=\"column\">\n\t\t\t<div class=\"elementor-widget-wrap elementor-element-populated\">\n\t\t\t\t\t\t<div class=\"elementor-element elementor-element-8a297ba bulletmin elementor-widget elementor-widget-text-editor\" data-id=\"8a297ba\" data-element_type=\"widget\" data-e-type=\"widget\" data-widget_type=\"text-editor.default\">\n\t\t\t\t<div class=\"elementor-widget-container\">\n\t\t\t\t\t\t\t\t\tThe challenge for the SYNKRO team was to:\n<ul>\n \t<li><span style=\"color: #ffffff;\">Boost data visibility<\/span><\/li>\n \t<li><span style=\"color: #ffffff;\">Improve feedback on carrier operations<\/span><\/li>\n \t<li><span style=\"color: #ffffff;\">Accelerate data analysis<\/span><\/li>\n<\/ul>\t\t\t\t\t\t\t\t<\/div>\n\t\t\t\t<\/div>\n\t\t\t\t\t<\/div>\n\t\t<\/div>\n\t\t\t\t<div class=\"elementor-column elementor-col-33 elementor-inner-column elementor-element elementor-element-01d567e\" data-id=\"01d567e\" data-element_type=\"column\" data-e-type=\"column\">\n\t\t\t<div class=\"elementor-widget-wrap\">\n\t\t\t\t\t\t\t<\/div>\n\t\t<\/div>\n\t\t\t\t\t<\/div>\n\t\t<\/section>\n\t\t\t\t\t<\/div>\n\t\t<\/div>\n\t\t\t\t\t<\/div>\n\t\t<\/section>\n\t\t\t\t<section class=\"elementor-section elementor-top-section elementor-element elementor-element-41c4f5a elementor-section-boxed elementor-section-height-default elementor-section-height-default\" data-id=\"41c4f5a\" data-element_type=\"section\" data-e-type=\"section\">\n\t\t\t\t\t\t<div class=\"elementor-container elementor-column-gap-default\">\n\t\t\t\t\t<div class=\"elementor-column elementor-col-100 elementor-top-column elementor-element elementor-element-e15cb41\" data-id=\"e15cb41\" data-element_type=\"column\" data-e-type=\"column\">\n\t\t\t<div class=\"elementor-widget-wrap elementor-element-populated\">\n\t\t\t\t\t\t<div class=\"elementor-element elementor-element-675f2fa elementor-widget elementor-widget-spacer\" data-id=\"675f2fa\" data-element_type=\"widget\" data-e-type=\"widget\" data-widget_type=\"spacer.default\">\n\t\t\t\t<div class=\"elementor-widget-container\">\n\t\t\t\t\t\t\t<div class=\"elementor-spacer\">\n\t\t\t<div class=\"elementor-spacer-inner\"><\/div>\n\t\t<\/div>\n\t\t\t\t\t\t<\/div>\n\t\t\t\t<\/div>\n\t\t\t\t\t<\/div>\n\t\t<\/div>\n\t\t\t\t\t<\/div>\n\t\t<\/section>\n\t\t\t\t<section class=\"elementor-section elementor-top-section elementor-element elementor-element-b8d09e1 elementor-section-boxed elementor-section-height-default elementor-section-height-default\" data-id=\"b8d09e1\" data-element_type=\"section\" data-e-type=\"section\">\n\t\t\t\t\t\t<div class=\"elementor-container elementor-column-gap-default\">\n\t\t\t\t\t<div class=\"elementor-column elementor-col-50 elementor-top-column elementor-element elementor-element-c832077\" data-id=\"c832077\" data-element_type=\"column\" data-e-type=\"column\">\n\t\t\t<div class=\"elementor-widget-wrap elementor-element-populated\">\n\t\t\t\t\t\t<div class=\"elementor-element elementor-element-fd2d451 bulletmin elementor-widget elementor-widget-text-editor\" data-id=\"fd2d451\" data-element_type=\"widget\" data-e-type=\"widget\" data-widget_type=\"text-editor.default\">\n\t\t\t\t<div class=\"elementor-widget-container\">\n\t\t\t\t\t\t\t\t\t<h2><span style=\"color: #0081b3;\">Concrete solutions and swift gains<\/span><\/h2>\n<h2>To help improve the client\u2019s performance, SYNKRO :<\/h2>\n<ul>\n \t<li>Reviewed and optimized business practices<\/li>\n \t<li>Created and deployed business analysis tools<\/li>\n \t<li>Implemented agile IT solutions that enabled the company to capture and process electronic transactions automatically <\/li>\n \t<li>Optimized transportation budgets<\/li>\n<\/ul>\t\t\t\t\t\t\t\t<\/div>\n\t\t\t\t<\/div>\n\t\t\t\t\t<\/div>\n\t\t<\/div>\n\t\t\t\t<div class=\"elementor-column elementor-col-50 elementor-top-column elementor-element elementor-element-95ed434\" data-id=\"95ed434\" data-element_type=\"column\" data-e-type=\"column\">\n\t\t\t<div class=\"elementor-widget-wrap elementor-element-populated\">\n\t\t\t\t\t\t<div class=\"elementor-element elementor-element-629de21 elementor-widget elementor-widget-image\" data-id=\"629de21\" data-element_type=\"widget\" data-e-type=\"widget\" data-widget_type=\"image.default\">\n\t\t\t\t<div class=\"elementor-widget-container\">\n\t\t\t\t\t\t\t\t\t\t\t\t\t\t\t<img fetchpriority=\"high\" decoding=\"async\" width=\"700\" height=\"529\" src=\"https:\/\/synkro.ca\/wp-content\/uploads\/2020\/12\/photo-entrepot.jpg\" class=\"attachment-full size-full wp-image-2745\" alt=\"\" srcset=\"https:\/\/synkro.ca\/wp-content\/uploads\/2020\/12\/photo-entrepot.jpg 700w, https:\/\/synkro.ca\/wp-content\/uploads\/2020\/12\/photo-entrepot-300x227.jpg 300w\" sizes=\"(max-width: 700px) 100vw, 700px\" \/>\t\t\t\t\t\t\t\t\t\t\t\t\t\t\t<\/div>\n\t\t\t\t<\/div>\n\t\t\t\t\t<\/div>\n\t\t<\/div>\n\t\t\t\t\t<\/div>\n\t\t<\/section>\n\t\t\t\t<section class=\"elementor-section elementor-top-section elementor-element elementor-element-e7f3671 elementor-section-boxed elementor-section-height-default elementor-section-height-default\" data-id=\"e7f3671\" data-element_type=\"section\" data-e-type=\"section\">\n\t\t\t\t\t\t<div class=\"elementor-container elementor-column-gap-default\">\n\t\t\t\t\t<div class=\"elementor-column elementor-col-100 elementor-top-column elementor-element elementor-element-9f23a6e\" data-id=\"9f23a6e\" data-element_type=\"column\" data-e-type=\"column\">\n\t\t\t<div class=\"elementor-widget-wrap elementor-element-populated\">\n\t\t\t\t\t\t<div class=\"elementor-element elementor-element-b0feef9 elementor-widget elementor-widget-spacer\" data-id=\"b0feef9\" data-element_type=\"widget\" data-e-type=\"widget\" data-widget_type=\"spacer.default\">\n\t\t\t\t<div class=\"elementor-widget-container\">\n\t\t\t\t\t\t\t<div class=\"elementor-spacer\">\n\t\t\t<div class=\"elementor-spacer-inner\"><\/div>\n\t\t<\/div>\n\t\t\t\t\t\t<\/div>\n\t\t\t\t<\/div>\n\t\t\t\t\t<\/div>\n\t\t<\/div>\n\t\t\t\t\t<\/div>\n\t\t<\/section>\n\t\t\t\t<section class=\"elementor-section elementor-top-section elementor-element elementor-element-c565731 elementor-section-boxed elementor-section-height-default elementor-section-height-default\" data-id=\"c565731\" data-element_type=\"section\" data-e-type=\"section\">\n\t\t\t\t\t\t<div class=\"elementor-container elementor-column-gap-default\">\n\t\t\t\t\t<div class=\"elementor-column elementor-col-33 elementor-top-column elementor-element elementor-element-f7cf607\" data-id=\"f7cf607\" data-element_type=\"column\" data-e-type=\"column\">\n\t\t\t<div class=\"elementor-widget-wrap elementor-element-populated\">\n\t\t\t\t\t\t<div class=\"elementor-element elementor-element-f39fd0f elementor-widget elementor-widget-image\" data-id=\"f39fd0f\" data-element_type=\"widget\" data-e-type=\"widget\" data-widget_type=\"image.default\">\n\t\t\t\t<div class=\"elementor-widget-container\">\n\t\t\t\t\t\t\t\t\t\t\t\t\t\t\t<img decoding=\"async\" src=\"https:\/\/synkro.ca\/wp-content\/uploads\/2020\/12\/immediate-comprehension-of-operating-costs.svg\" class=\"attachment-full size-full wp-image-2708\" alt=\"\" \/>\t\t\t\t\t\t\t\t\t\t\t\t\t\t\t<\/div>\n\t\t\t\t<\/div>\n\t\t\t\t\t<\/div>\n\t\t<\/div>\n\t\t\t\t<div class=\"elementor-column elementor-col-33 elementor-top-column elementor-element elementor-element-f0eaf21\" data-id=\"f0eaf21\" data-element_type=\"column\" data-e-type=\"column\">\n\t\t\t<div class=\"elementor-widget-wrap elementor-element-populated\">\n\t\t\t\t\t\t<div class=\"elementor-element elementor-element-40f0d9a elementor-widget elementor-widget-image\" data-id=\"40f0d9a\" data-element_type=\"widget\" data-e-type=\"widget\" data-widget_type=\"image.default\">\n\t\t\t\t<div class=\"elementor-widget-container\">\n\t\t\t\t\t\t\t\t\t\t\t\t\t\t\t<img decoding=\"async\" src=\"https:\/\/synkro.ca\/wp-content\/uploads\/2020\/12\/96-pourcent-reduction-in-analysis-time.svg\" class=\"attachment-full size-full wp-image-2711\" alt=\"\" \/>\t\t\t\t\t\t\t\t\t\t\t\t\t\t\t<\/div>\n\t\t\t\t<\/div>\n\t\t\t\t\t<\/div>\n\t\t<\/div>\n\t\t\t\t<div class=\"elementor-column elementor-col-33 elementor-top-column elementor-element elementor-element-c8dadf7\" data-id=\"c8dadf7\" data-element_type=\"column\" data-e-type=\"column\">\n\t\t\t<div class=\"elementor-widget-wrap elementor-element-populated\">\n\t\t\t\t\t\t<div class=\"elementor-element elementor-element-9d3d600 elementor-widget elementor-widget-image\" data-id=\"9d3d600\" data-element_type=\"widget\" data-e-type=\"widget\" data-widget_type=\"image.default\">\n\t\t\t\t<div class=\"elementor-widget-container\">\n\t\t\t\t\t\t\t\t\t\t\t\t\t\t\t<img decoding=\"async\" width=\"498\" height=\"527\" src=\"https:\/\/synkro.ca\/wp-content\/uploads\/2021\/03\/25-reduction.png\" class=\"attachment-full size-full wp-image-2877\" alt=\"\" srcset=\"https:\/\/synkro.ca\/wp-content\/uploads\/2021\/03\/25-reduction.png 498w, https:\/\/synkro.ca\/wp-content\/uploads\/2021\/03\/25-reduction-283x300.png 283w\" sizes=\"(max-width: 498px) 100vw, 498px\" \/>\t\t\t\t\t\t\t\t\t\t\t\t\t\t\t<\/div>\n\t\t\t\t<\/div>\n\t\t\t\t\t<\/div>\n\t\t<\/div>\n\t\t\t\t\t<\/div>\n\t\t<\/section>\n\t\t\t\t<section class=\"elementor-section elementor-top-section elementor-element elementor-element-6840681 elementor-section-boxed elementor-section-height-default elementor-section-height-default\" data-id=\"6840681\" data-element_type=\"section\" data-e-type=\"section\">\n\t\t\t\t\t\t<div class=\"elementor-container elementor-column-gap-default\">\n\t\t\t\t\t<div class=\"elementor-column elementor-col-100 elementor-top-column elementor-element elementor-element-ba8269d\" data-id=\"ba8269d\" data-element_type=\"column\" data-e-type=\"column\">\n\t\t\t<div class=\"elementor-widget-wrap elementor-element-populated\">\n\t\t\t\t\t\t<div class=\"elementor-element elementor-element-83e7ef7 elementor-widget elementor-widget-spacer\" data-id=\"83e7ef7\" data-element_type=\"widget\" data-e-type=\"widget\" data-widget_type=\"spacer.default\">\n\t\t\t\t<div class=\"elementor-widget-container\">\n\t\t\t\t\t\t\t<div class=\"elementor-spacer\">\n\t\t\t<div class=\"elementor-spacer-inner\"><\/div>\n\t\t<\/div>\n\t\t\t\t\t\t<\/div>\n\t\t\t\t<\/div>\n\t\t\t\t\t<\/div>\n\t\t<\/div>\n\t\t\t\t\t<\/div>\n\t\t<\/section>\n\t\t\t\t<\/div>\n\t\t","protected":false},"excerpt":{"rendered":"<p>GO BACK RECREATIONAL PRODUCT MANUFACTURER The client, a recreational product manufacturer, processes over 3 million orders per year, dispatching product to 5 different warehouses and 1,500 delivery points on multiple continents. With such a vast and complex network, the client\u2019s distribution costs were growing steadily. The challenge for the SYNKRO team was to: Boost data [&hellip;]<\/p>\n","protected":false},"author":32,"featured_media":0,"parent":0,"menu_order":0,"comment_status":"closed","ping_status":"closed","template":"","meta":{"_acf_changed":false,"_monsterinsights_skip_tracking":false,"_monsterinsights_sitenote_active":false,"_monsterinsights_sitenote_note":"","_monsterinsights_sitenote_category":0,"footnotes":""},"class_list":["post-3796","page","type-page","status-publish","hentry"],"acf":[],"yoast_head":"<!-- This site is optimized with the Yoast SEO plugin v27.2 - https:\/\/yoast.com\/product\/yoast-seo-wordpress\/ -->\n<title>Synkro - Connectivit\u00e9-machine et performance manufacturi\u00e8re<\/title>\n<meta name=\"description\" content=\"Intelligence d\u2019affaires, gestion de donn\u00e9es et gestion des op\u00e9rations. D\u00e9couvrez SYNKRO chez un manufacturier de produits r\u00e9cr\u00e9atifs.\" \/>\n<meta name=\"robots\" content=\"index, follow, max-snippet:-1, max-image-preview:large, max-video-preview:-1\" \/>\n<link rel=\"canonical\" href=\"https:\/\/synkro.ca\/en\/real-time-operational-cost-evaluation\/\" \/>\n<meta property=\"og:locale\" content=\"en_US\" \/>\n<meta property=\"og:type\" content=\"article\" \/>\n<meta property=\"og:title\" content=\"Synkro - Connectivit\u00e9-machine et performance manufacturi\u00e8re\" \/>\n<meta property=\"og:description\" content=\"Intelligence d\u2019affaires, gestion de donn\u00e9es et gestion des op\u00e9rations. D\u00e9couvrez SYNKRO chez un manufacturier de produits r\u00e9cr\u00e9atifs.\" \/>\n<meta property=\"og:url\" content=\"https:\/\/synkro.ca\/en\/real-time-operational-cost-evaluation\/\" \/>\n<meta property=\"og:site_name\" content=\"Merkur\" \/>\n<meta property=\"article:modified_time\" content=\"2022-06-06T17:55:09+00:00\" \/>\n<meta property=\"og:image\" content=\"https:\/\/synkro.ca\/wp-content\/uploads\/2020\/12\/photo-entrepot.jpg\" \/>\n<meta name=\"twitter:card\" content=\"summary_large_image\" \/>\n<meta name=\"twitter:label1\" content=\"Est. reading time\" \/>\n\t<meta name=\"twitter:data1\" content=\"2 minutes\" \/>\n<script type=\"application\/ld+json\" class=\"yoast-schema-graph\">{\"@context\":\"https:\/\/schema.org\",\"@graph\":[{\"@type\":\"WebPage\",\"@id\":\"https:\/\/synkro.ca\/en\/real-time-operational-cost-evaluation\/\",\"url\":\"https:\/\/synkro.ca\/en\/real-time-operational-cost-evaluation\/\",\"name\":\"Synkro - Connectivit\u00e9-machine et performance manufacturi\u00e8re\",\"isPartOf\":{\"@id\":\"https:\/\/synkro.ca\/en\/#website\"},\"primaryImageOfPage\":{\"@id\":\"https:\/\/synkro.ca\/en\/real-time-operational-cost-evaluation\/#primaryimage\"},\"image\":{\"@id\":\"https:\/\/synkro.ca\/en\/real-time-operational-cost-evaluation\/#primaryimage\"},\"thumbnailUrl\":\"https:\/\/synkro.ca\/wp-content\/uploads\/2020\/12\/photo-entrepot.jpg\",\"datePublished\":\"2020-11-27T05:51:21+00:00\",\"dateModified\":\"2022-06-06T17:55:09+00:00\",\"description\":\"Intelligence d\u2019affaires, gestion de donn\u00e9es et gestion des op\u00e9rations. D\u00e9couvrez SYNKRO chez un manufacturier de produits r\u00e9cr\u00e9atifs.\",\"breadcrumb\":{\"@id\":\"https:\/\/synkro.ca\/en\/real-time-operational-cost-evaluation\/#breadcrumb\"},\"inLanguage\":\"en-US\",\"potentialAction\":[{\"@type\":\"ReadAction\",\"target\":[\"https:\/\/synkro.ca\/en\/real-time-operational-cost-evaluation\/\"]}]},{\"@type\":\"ImageObject\",\"inLanguage\":\"en-US\",\"@id\":\"https:\/\/synkro.ca\/en\/real-time-operational-cost-evaluation\/#primaryimage\",\"url\":\"https:\/\/synkro.ca\/wp-content\/uploads\/2020\/12\/photo-entrepot.jpg\",\"contentUrl\":\"https:\/\/synkro.ca\/wp-content\/uploads\/2020\/12\/photo-entrepot.jpg\"},{\"@type\":\"BreadcrumbList\",\"@id\":\"https:\/\/synkro.ca\/en\/real-time-operational-cost-evaluation\/#breadcrumb\",\"itemListElement\":[{\"@type\":\"ListItem\",\"position\":1,\"name\":\"Home\",\"item\":\"https:\/\/synkro.ca\/en\/\"},{\"@type\":\"ListItem\",\"position\":2,\"name\":\"Costing of operations in REAL TIME\"}]},{\"@type\":\"WebSite\",\"@id\":\"https:\/\/synkro.ca\/en\/#website\",\"url\":\"https:\/\/synkro.ca\/en\/\",\"name\":\"Merkur\",\"description\":\"\",\"potentialAction\":[{\"@type\":\"SearchAction\",\"target\":{\"@type\":\"EntryPoint\",\"urlTemplate\":\"https:\/\/synkro.ca\/en\/?s={search_term_string}\"},\"query-input\":{\"@type\":\"PropertyValueSpecification\",\"valueRequired\":true,\"valueName\":\"search_term_string\"}}],\"inLanguage\":\"en-US\"}]}<\/script>\n<!-- \/ Yoast SEO plugin. -->","yoast_head_json":{"title":"Synkro - Connectivit\u00e9-machine et performance manufacturi\u00e8re","description":"Intelligence d\u2019affaires, gestion de donn\u00e9es et gestion des op\u00e9rations. D\u00e9couvrez SYNKRO chez un manufacturier de produits r\u00e9cr\u00e9atifs.","robots":{"index":"index","follow":"follow","max-snippet":"max-snippet:-1","max-image-preview":"max-image-preview:large","max-video-preview":"max-video-preview:-1"},"canonical":"https:\/\/synkro.ca\/en\/real-time-operational-cost-evaluation\/","og_locale":"en_US","og_type":"article","og_title":"Synkro - Connectivit\u00e9-machine et performance manufacturi\u00e8re","og_description":"Intelligence d\u2019affaires, gestion de donn\u00e9es et gestion des op\u00e9rations. D\u00e9couvrez SYNKRO chez un manufacturier de produits r\u00e9cr\u00e9atifs.","og_url":"https:\/\/synkro.ca\/en\/real-time-operational-cost-evaluation\/","og_site_name":"Merkur","article_modified_time":"2022-06-06T17:55:09+00:00","og_image":[{"url":"https:\/\/synkro.ca\/wp-content\/uploads\/2020\/12\/photo-entrepot.jpg","type":"","width":"","height":""}],"twitter_card":"summary_large_image","twitter_misc":{"Est. reading time":"2 minutes"},"schema":{"@context":"https:\/\/schema.org","@graph":[{"@type":"WebPage","@id":"https:\/\/synkro.ca\/en\/real-time-operational-cost-evaluation\/","url":"https:\/\/synkro.ca\/en\/real-time-operational-cost-evaluation\/","name":"Synkro - Connectivit\u00e9-machine et performance manufacturi\u00e8re","isPartOf":{"@id":"https:\/\/synkro.ca\/en\/#website"},"primaryImageOfPage":{"@id":"https:\/\/synkro.ca\/en\/real-time-operational-cost-evaluation\/#primaryimage"},"image":{"@id":"https:\/\/synkro.ca\/en\/real-time-operational-cost-evaluation\/#primaryimage"},"thumbnailUrl":"https:\/\/synkro.ca\/wp-content\/uploads\/2020\/12\/photo-entrepot.jpg","datePublished":"2020-11-27T05:51:21+00:00","dateModified":"2022-06-06T17:55:09+00:00","description":"Intelligence d\u2019affaires, gestion de donn\u00e9es et gestion des op\u00e9rations. D\u00e9couvrez SYNKRO chez un manufacturier de produits r\u00e9cr\u00e9atifs.","breadcrumb":{"@id":"https:\/\/synkro.ca\/en\/real-time-operational-cost-evaluation\/#breadcrumb"},"inLanguage":"en-US","potentialAction":[{"@type":"ReadAction","target":["https:\/\/synkro.ca\/en\/real-time-operational-cost-evaluation\/"]}]},{"@type":"ImageObject","inLanguage":"en-US","@id":"https:\/\/synkro.ca\/en\/real-time-operational-cost-evaluation\/#primaryimage","url":"https:\/\/synkro.ca\/wp-content\/uploads\/2020\/12\/photo-entrepot.jpg","contentUrl":"https:\/\/synkro.ca\/wp-content\/uploads\/2020\/12\/photo-entrepot.jpg"},{"@type":"BreadcrumbList","@id":"https:\/\/synkro.ca\/en\/real-time-operational-cost-evaluation\/#breadcrumb","itemListElement":[{"@type":"ListItem","position":1,"name":"Home","item":"https:\/\/synkro.ca\/en\/"},{"@type":"ListItem","position":2,"name":"Costing of operations in REAL TIME"}]},{"@type":"WebSite","@id":"https:\/\/synkro.ca\/en\/#website","url":"https:\/\/synkro.ca\/en\/","name":"Merkur","description":"","potentialAction":[{"@type":"SearchAction","target":{"@type":"EntryPoint","urlTemplate":"https:\/\/synkro.ca\/en\/?s={search_term_string}"},"query-input":{"@type":"PropertyValueSpecification","valueRequired":true,"valueName":"search_term_string"}}],"inLanguage":"en-US"}]}},"_links":{"self":[{"href":"https:\/\/synkro.ca\/en\/wp-json\/wp\/v2\/pages\/3796","targetHints":{"allow":["GET"]}}],"collection":[{"href":"https:\/\/synkro.ca\/en\/wp-json\/wp\/v2\/pages"}],"about":[{"href":"https:\/\/synkro.ca\/en\/wp-json\/wp\/v2\/types\/page"}],"author":[{"embeddable":true,"href":"https:\/\/synkro.ca\/en\/wp-json\/wp\/v2\/users\/32"}],"replies":[{"embeddable":true,"href":"https:\/\/synkro.ca\/en\/wp-json\/wp\/v2\/comments?post=3796"}],"version-history":[{"count":0,"href":"https:\/\/synkro.ca\/en\/wp-json\/wp\/v2\/pages\/3796\/revisions"}],"wp:attachment":[{"href":"https:\/\/synkro.ca\/en\/wp-json\/wp\/v2\/media?parent=3796"}],"curies":[{"name":"wp","href":"https:\/\/api.w.org\/{rel}","templated":true}]}}