{"id":3769,"date":"2022-04-27T12:49:52","date_gmt":"2022-04-27T16:49:52","guid":{"rendered":"https:\/\/synkro.ca\/a-propos\/"},"modified":"2022-06-08T18:27:19","modified_gmt":"2022-06-08T22:27:19","slug":"about-us","status":"publish","type":"page","link":"https:\/\/synkro.ca\/en\/about-us\/","title":{"rendered":"ABOUT US"},"content":{"rendered":"\t\t<div data-elementor-type=\"wp-page\" data-elementor-id=\"3769\" class=\"elementor elementor-3769 elementor-3455\" data-elementor-post-type=\"page\">\n\t\t\t\t\t\t<section class=\"elementor-section elementor-top-section elementor-element elementor-element-d3e9881 elementor-section-full_width elementor-hidden-desktop elementor-hidden-tablet elementor-section-height-default elementor-section-height-default\" data-id=\"d3e9881\" data-element_type=\"section\" data-e-type=\"section\" data-settings=\"{&quot;background_background&quot;:&quot;classic&quot;}\">\n\t\t\t\t\t\t<div class=\"elementor-container elementor-column-gap-default\">\n\t\t\t\t\t<div class=\"elementor-column elementor-col-100 elementor-top-column elementor-element elementor-element-7ca5e4f\" data-id=\"7ca5e4f\" data-element_type=\"column\" data-e-type=\"column\">\n\t\t\t<div class=\"elementor-widget-wrap elementor-element-populated\">\n\t\t\t\t\t\t<div class=\"elementor-element elementor-element-47c4c20 elementor-widget elementor-widget-spacer\" data-id=\"47c4c20\" data-element_type=\"widget\" data-e-type=\"widget\" data-widget_type=\"spacer.default\">\n\t\t\t\t<div class=\"elementor-widget-container\">\n\t\t\t\t\t\t\t<div class=\"elementor-spacer\">\n\t\t\t<div class=\"elementor-spacer-inner\"><\/div>\n\t\t<\/div>\n\t\t\t\t\t\t<\/div>\n\t\t\t\t<\/div>\n\t\t\t\t<div class=\"elementor-element elementor-element-f653733 elementor-absolute elementor-hidden-desktop elementor-hidden-tablet elementor--h-position-center elementor--v-position-middle elementor-widget elementor-widget-slides\" data-id=\"f653733\" data-element_type=\"widget\" data-e-type=\"widget\" data-settings=\"{&quot;navigation&quot;:&quot;none&quot;,&quot;transition&quot;:&quot;fade&quot;,&quot;_position&quot;:&quot;absolute&quot;,&quot;autoplay&quot;:&quot;yes&quot;,&quot;pause_on_hover&quot;:&quot;yes&quot;,&quot;pause_on_interaction&quot;:&quot;yes&quot;,&quot;autoplay_speed&quot;:5000,&quot;infinite&quot;:&quot;yes&quot;,&quot;transition_speed&quot;:500}\" data-widget_type=\"slides.default\">\n\t\t\t\t<div class=\"elementor-widget-container\">\n\t\t\t\t\t\t\t\t\t<div class=\"elementor-swiper\">\n\t\t\t\t\t<div class=\"elementor-slides-wrapper elementor-main-swiper swiper\" role=\"region\" aria-roledescription=\"carousel\" aria-label=\"Slides\" dir=\"ltr\" data-animation=\"\">\n\t\t\t\t<div class=\"swiper-wrapper elementor-slides\">\n\t\t\t\t\t\t\t\t\t\t<div class=\"elementor-repeater-item-bcd2d5e swiper-slide\" role=\"group\" aria-roledescription=\"slide\"><div class=\"swiper-slide-bg\" role=\"img\" aria-label=\"Logo Synkro Header\"><\/div><div class=\"swiper-slide-inner\" ><div class=\"swiper-slide-contents\"><div class=\"elementor-slide-heading\"><br>SYNKRO, a solution <br>developed by <br>manufacturing<br> industry experts<\/div><\/div><\/div><\/div>\t\t\t\t<\/div>\n\t\t\t\t\t\t\t<\/div>\n\t\t\t\t<\/div>\n\t\t\t\t\t\t\t\t<\/div>\n\t\t\t\t<\/div>\n\t\t\t\t\t<\/div>\n\t\t<\/div>\n\t\t\t\t\t<\/div>\n\t\t<\/section>\n\t\t\t\t<section class=\"elementor-section elementor-top-section elementor-element elementor-element-a72d28d elementor-section-full_width elementor-hidden-mobile elementor-section-height-default elementor-section-height-default\" data-id=\"a72d28d\" data-element_type=\"section\" data-e-type=\"section\" data-settings=\"{&quot;background_background&quot;:&quot;classic&quot;}\">\n\t\t\t\t\t\t<div class=\"elementor-container elementor-column-gap-default\">\n\t\t\t\t\t<div class=\"elementor-column elementor-col-100 elementor-top-column elementor-element elementor-element-6ac218b\" data-id=\"6ac218b\" data-element_type=\"column\" data-e-type=\"column\">\n\t\t\t<div class=\"elementor-widget-wrap elementor-element-populated\">\n\t\t\t\t\t\t<div class=\"elementor-element elementor-element-81c7069 elementor-widget elementor-widget-spacer\" data-id=\"81c7069\" data-element_type=\"widget\" data-e-type=\"widget\" data-widget_type=\"spacer.default\">\n\t\t\t\t<div class=\"elementor-widget-container\">\n\t\t\t\t\t\t\t<div class=\"elementor-spacer\">\n\t\t\t<div class=\"elementor-spacer-inner\"><\/div>\n\t\t<\/div>\n\t\t\t\t\t\t<\/div>\n\t\t\t\t<\/div>\n\t\t\t\t<div class=\"elementor-element elementor-element-834499e elementor-absolute elementor-hidden-mobile elementor--h-position-center elementor--v-position-middle elementor-widget elementor-widget-slides\" data-id=\"834499e\" data-element_type=\"widget\" data-e-type=\"widget\" data-settings=\"{&quot;navigation&quot;:&quot;none&quot;,&quot;transition&quot;:&quot;fade&quot;,&quot;_position&quot;:&quot;absolute&quot;,&quot;autoplay&quot;:&quot;yes&quot;,&quot;pause_on_hover&quot;:&quot;yes&quot;,&quot;pause_on_interaction&quot;:&quot;yes&quot;,&quot;autoplay_speed&quot;:5000,&quot;infinite&quot;:&quot;yes&quot;,&quot;transition_speed&quot;:500}\" data-widget_type=\"slides.default\">\n\t\t\t\t<div class=\"elementor-widget-container\">\n\t\t\t\t\t\t\t\t\t<div class=\"elementor-swiper\">\n\t\t\t\t\t<div class=\"elementor-slides-wrapper elementor-main-swiper swiper\" role=\"region\" aria-roledescription=\"carousel\" aria-label=\"Slides\" dir=\"ltr\" data-animation=\"\">\n\t\t\t\t<div class=\"swiper-wrapper elementor-slides\">\n\t\t\t\t\t\t\t\t\t\t<div class=\"elementor-repeater-item-bcd2d5e swiper-slide\" role=\"group\" aria-roledescription=\"slide\"><div class=\"swiper-slide-bg\" role=\"img\" aria-label=\"Logo Synkro Header\"><\/div><div class=\"swiper-slide-inner\" ><div class=\"swiper-slide-contents\"><div class=\"elementor-slide-heading\"><br>SYNKRO, a solution <br>developed by <br>manufacturing<br> industry experts<\/div><\/div><\/div><\/div>\t\t\t\t<\/div>\n\t\t\t\t\t\t\t<\/div>\n\t\t\t\t<\/div>\n\t\t\t\t\t\t\t\t<\/div>\n\t\t\t\t<\/div>\n\t\t\t\t\t<\/div>\n\t\t<\/div>\n\t\t\t\t\t<\/div>\n\t\t<\/section>\n\t\t\t\t<section class=\"elementor-section elementor-top-section elementor-element elementor-element-da9f238 elementor-section-boxed elementor-section-height-default elementor-section-height-default\" data-id=\"da9f238\" data-element_type=\"section\" data-e-type=\"section\" data-settings=\"{&quot;background_background&quot;:&quot;classic&quot;}\">\n\t\t\t\t\t\t<div class=\"elementor-container elementor-column-gap-default\">\n\t\t\t\t\t<div class=\"elementor-column elementor-col-100 elementor-top-column elementor-element elementor-element-bcc3c99\" data-id=\"bcc3c99\" data-element_type=\"column\" data-e-type=\"column\">\n\t\t\t<div class=\"elementor-widget-wrap elementor-element-populated\">\n\t\t\t\t\t\t<div class=\"elementor-element elementor-element-60ccea9 elementor-hidden-desktop elementor-hidden-tablet elementor-widget elementor-widget-spacer\" data-id=\"60ccea9\" data-element_type=\"widget\" data-e-type=\"widget\" data-widget_type=\"spacer.default\">\n\t\t\t\t<div class=\"elementor-widget-container\">\n\t\t\t\t\t\t\t<div class=\"elementor-spacer\">\n\t\t\t<div class=\"elementor-spacer-inner\"><\/div>\n\t\t<\/div>\n\t\t\t\t\t\t<\/div>\n\t\t\t\t<\/div>\n\t\t\t\t<div class=\"elementor-element elementor-element-d157b8b elementor-widget elementor-widget-heading\" data-id=\"d157b8b\" data-element_type=\"widget\" data-e-type=\"widget\" data-widget_type=\"heading.default\">\n\t\t\t\t<div class=\"elementor-widget-container\">\n\t\t\t\t\t<h1 class=\"elementor-heading-title elementor-size-default\">More than a supplier, we <br>are your ideal partner !<\/h1>\t\t\t\t<\/div>\n\t\t\t\t<\/div>\n\t\t\t\t\t<\/div>\n\t\t<\/div>\n\t\t\t\t\t<\/div>\n\t\t<\/section>\n\t\t\t\t<section class=\"elementor-section elementor-top-section elementor-element elementor-element-9a727e1 elementor-section-boxed elementor-section-height-default elementor-section-height-default\" data-id=\"9a727e1\" data-element_type=\"section\" data-e-type=\"section\" data-settings=\"{&quot;background_background&quot;:&quot;classic&quot;}\">\n\t\t\t\t\t\t<div class=\"elementor-container elementor-column-gap-default\">\n\t\t\t\t\t<div class=\"elementor-column elementor-col-100 elementor-top-column elementor-element elementor-element-04588c9\" data-id=\"04588c9\" data-element_type=\"column\" data-e-type=\"column\">\n\t\t\t<div class=\"elementor-widget-wrap elementor-element-populated\">\n\t\t\t\t\t\t<div class=\"elementor-element elementor-element-0651061 elementor-widget elementor-widget-image\" data-id=\"0651061\" data-element_type=\"widget\" data-e-type=\"widget\" data-widget_type=\"image.default\">\n\t\t\t\t<div class=\"elementor-widget-container\">\n\t\t\t\t\t\t\t\t\t\t\t\t\t\t\t<img decoding=\"async\" src=\"https:\/\/synkro.ca\/wp-content\/uploads\/2020\/09\/logo-merkur.svg\" class=\"attachment-full size-full wp-image-1019\" alt=\"\" \/>\t\t\t\t\t\t\t\t\t\t\t\t\t\t\t<\/div>\n\t\t\t\t<\/div>\n\t\t\t\t<div class=\"elementor-element elementor-element-2e87b2e elementor-widget elementor-widget-heading\" data-id=\"2e87b2e\" data-element_type=\"widget\" data-e-type=\"widget\" data-widget_type=\"heading.default\">\n\t\t\t\t<div class=\"elementor-widget-container\">\n\t\t\t\t\t<h2 class=\"elementor-heading-title elementor-size-default\">For over 25 years, Merkur has been helping manufacturing companies maximize their performance. This experience paired with a deep understanding of the industry enabled our passionate experts to develop SYNKRO.  <\/h2>\t\t\t\t<\/div>\n\t\t\t\t<\/div>\n\t\t\t\t<div class=\"elementor-element elementor-element-4097a04 elementor-widget elementor-widget-heading\" data-id=\"4097a04\" data-element_type=\"widget\" data-e-type=\"widget\" data-widget_type=\"heading.default\">\n\t\t\t\t<div class=\"elementor-widget-container\">\n\t\t\t\t\t<h3 class=\"elementor-heading-title elementor-size-default\">SYNKRO is a versatile solution perfectly suited to your connectivity and data processing needs, from the plant to your offices. Even if your resources and capacity are limited, Merkur's unique approach supports you as you make that essential digital transformation.  \n\nWe are more than a supplier; we are your ideal partner.  <\/h3>\t\t\t\t<\/div>\n\t\t\t\t<\/div>\n\t\t\t\t\t<\/div>\n\t\t<\/div>\n\t\t\t\t\t<\/div>\n\t\t<\/section>\n\t\t\t\t<section class=\"elementor-section elementor-top-section elementor-element elementor-element-780abe4 elementor-section-boxed elementor-section-height-default elementor-section-height-default\" data-id=\"780abe4\" data-element_type=\"section\" data-e-type=\"section\">\n\t\t\t\t\t\t<div class=\"elementor-container elementor-column-gap-default\">\n\t\t\t\t\t<div class=\"elementor-column elementor-col-50 elementor-top-column elementor-element elementor-element-95d5f07\" data-id=\"95d5f07\" data-element_type=\"column\" data-e-type=\"column\">\n\t\t\t<div class=\"elementor-widget-wrap elementor-element-populated\">\n\t\t\t\t\t\t<div class=\"elementor-element elementor-element-a2632b5 elementor-hidden-desktop elementor-hidden-tablet elementor-widget elementor-widget-image\" data-id=\"a2632b5\" data-element_type=\"widget\" data-e-type=\"widget\" data-widget_type=\"image.default\">\n\t\t\t\t<div class=\"elementor-widget-container\">\n\t\t\t\t\t\t\t\t\t\t\t\t\t\t\t<img fetchpriority=\"high\" decoding=\"async\" width=\"650\" height=\"220\" src=\"https:\/\/synkro.ca\/wp-content\/uploads\/2022\/05\/apropos-img1c.png\" class=\"attachment-full size-full wp-image-3657\" alt=\"\" srcset=\"https:\/\/synkro.ca\/wp-content\/uploads\/2022\/05\/apropos-img1c.png 650w, https:\/\/synkro.ca\/wp-content\/uploads\/2022\/05\/apropos-img1c-300x102.png 300w\" sizes=\"(max-width: 650px) 100vw, 650px\" \/>\t\t\t\t\t\t\t\t\t\t\t\t\t\t\t<\/div>\n\t\t\t\t<\/div>\n\t\t\t\t<div class=\"elementor-element elementor-element-d910261 elementor-hidden-mobile elementor-widget elementor-widget-image\" data-id=\"d910261\" data-element_type=\"widget\" data-e-type=\"widget\" data-widget_type=\"image.default\">\n\t\t\t\t<div class=\"elementor-widget-container\">\n\t\t\t\t\t\t\t\t\t\t\t\t\t\t\t<img decoding=\"async\" width=\"1\" height=\"1\" src=\"https:\/\/synkro.ca\/wp-content\/uploads\/2022\/05\/apropos-img-1c.svg\" class=\"attachment-thumbnail size-thumbnail wp-image-3709\" alt=\"\" \/>\t\t\t\t\t\t\t\t\t\t\t\t\t\t\t<\/div>\n\t\t\t\t<\/div>\n\t\t\t\t\t<\/div>\n\t\t<\/div>\n\t\t\t\t<div class=\"elementor-column elementor-col-50 elementor-top-column elementor-element elementor-element-d48d027\" data-id=\"d48d027\" data-element_type=\"column\" data-e-type=\"column\">\n\t\t\t<div class=\"elementor-widget-wrap elementor-element-populated\">\n\t\t\t\t\t\t<div class=\"elementor-element elementor-element-7fa40c4 elementor-widget elementor-widget-heading\" data-id=\"7fa40c4\" data-element_type=\"widget\" data-e-type=\"widget\" data-widget_type=\"heading.default\">\n\t\t\t\t<div class=\"elementor-widget-container\">\n\t\t\t\t\t<h2 class=\"elementor-heading-title elementor-size-default\">A team of dedicated experts and <br>personalized support  <\/h2>\t\t\t\t<\/div>\n\t\t\t\t<\/div>\n\t\t\t\t<div class=\"elementor-element elementor-element-6fcf6d8 elementor-widget elementor-widget-heading\" data-id=\"6fcf6d8\" data-element_type=\"widget\" data-e-type=\"widget\" data-widget_type=\"heading.default\">\n\t\t\t\t<div class=\"elementor-widget-container\">\n\t\t\t\t\t<h3 class=\"elementor-heading-title elementor-size-default\">Our team's goal is to help companies accelerate their digital transformation in order to save time, increase efficiency and improve productivity. We support our clients throughout the implementation process of our solution. Backed by 25 years of experience in operational excellence and industrial engineering, we favor a consulting approach that targets the best projects to undertake according to your real needs and objectives. In addition, we train your resources to ensure the easy succession and monitoring of the solution, so that it may evolve at the pace that matches your needs.   <\/h3>\t\t\t\t<\/div>\n\t\t\t\t<\/div>\n\t\t\t\t\t<\/div>\n\t\t<\/div>\n\t\t\t\t\t<\/div>\n\t\t<\/section>\n\t\t\t\t<section class=\"elementor-section elementor-top-section elementor-element elementor-element-7228b66 elementor-section-boxed elementor-section-height-default elementor-section-height-default\" data-id=\"7228b66\" data-element_type=\"section\" data-e-type=\"section\">\n\t\t\t\t\t\t<div class=\"elementor-container elementor-column-gap-default\">\n\t\t\t\t\t<div class=\"elementor-column elementor-col-100 elementor-top-column elementor-element elementor-element-85007af\" data-id=\"85007af\" data-element_type=\"column\" data-e-type=\"column\">\n\t\t\t<div class=\"elementor-widget-wrap elementor-element-populated\">\n\t\t\t\t\t\t<div class=\"elementor-element elementor-element-ec7d2bf elementor-widget elementor-widget-spacer\" data-id=\"ec7d2bf\" data-element_type=\"widget\" data-e-type=\"widget\" data-widget_type=\"spacer.default\">\n\t\t\t\t<div class=\"elementor-widget-container\">\n\t\t\t\t\t\t\t<div class=\"elementor-spacer\">\n\t\t\t<div class=\"elementor-spacer-inner\"><\/div>\n\t\t<\/div>\n\t\t\t\t\t\t<\/div>\n\t\t\t\t<\/div>\n\t\t\t\t<div class=\"elementor-element elementor-element-ee56fe0 elementor-widget elementor-widget-heading\" data-id=\"ee56fe0\" data-element_type=\"widget\" data-e-type=\"widget\" data-widget_type=\"heading.default\">\n\t\t\t\t<div class=\"elementor-widget-container\">\n\t\t\t\t\t<h1 class=\"elementor-heading-title elementor-size-default\">Contact our team to begin or accelerate <br> your digital transformation !<\/h1>\t\t\t\t<\/div>\n\t\t\t\t<\/div>\n\t\t\t\t\t<\/div>\n\t\t<\/div>\n\t\t\t\t\t<\/div>\n\t\t<\/section>\n\t\t\t\t<section class=\"elementor-section elementor-top-section elementor-element elementor-element-3c0bf03 elementor-section-boxed elementor-section-height-default elementor-section-height-default\" data-id=\"3c0bf03\" data-element_type=\"section\" data-e-type=\"section\">\n\t\t\t\t\t\t<div class=\"elementor-container elementor-column-gap-default\">\n\t\t\t\t\t<div class=\"elementor-column elementor-col-100 elementor-top-column elementor-element elementor-element-19201f7\" data-id=\"19201f7\" data-element_type=\"column\" data-e-type=\"column\">\n\t\t\t<div class=\"elementor-widget-wrap elementor-element-populated\">\n\t\t\t\t\t\t<div class=\"elementor-element elementor-element-11f24a6 elementor-align-center elementor-widget elementor-widget-button\" data-id=\"11f24a6\" data-element_type=\"widget\" data-e-type=\"widget\" data-widget_type=\"button.default\">\n\t\t\t\t<div class=\"elementor-widget-container\">\n\t\t\t\t\t\t\t\t\t<div class=\"elementor-button-wrapper\">\n\t\t\t\t\t<a class=\"elementor-button elementor-button-link elementor-size-sm\" href=\"https:\/\/synkro.ca\/nous-contacter\/\">\n\t\t\t\t\t\t<span class=\"elementor-button-content-wrapper\">\n\t\t\t\t\t\t\t\t\t<span class=\"elementor-button-text\">CONTACT US<\/span>\n\t\t\t\t\t<\/span>\n\t\t\t\t\t<\/a>\n\t\t\t\t<\/div>\n\t\t\t\t\t\t\t\t<\/div>\n\t\t\t\t<\/div>\n\t\t\t\t\t<\/div>\n\t\t<\/div>\n\t\t\t\t\t<\/div>\n\t\t<\/section>\n\t\t\t\t<section class=\"elementor-section elementor-top-section elementor-element elementor-element-c561dd9 elementor-section-boxed elementor-section-height-default elementor-section-height-default\" data-id=\"c561dd9\" data-element_type=\"section\" data-e-type=\"section\">\n\t\t\t\t\t\t<div class=\"elementor-container elementor-column-gap-default\">\n\t\t\t\t\t<div class=\"elementor-column elementor-col-100 elementor-top-column elementor-element elementor-element-36d6a7b\" data-id=\"36d6a7b\" data-element_type=\"column\" data-e-type=\"column\">\n\t\t\t<div class=\"elementor-widget-wrap elementor-element-populated\">\n\t\t\t\t\t\t<div class=\"elementor-element elementor-element-0a73d1f elementor-widget elementor-widget-spacer\" data-id=\"0a73d1f\" data-element_type=\"widget\" data-e-type=\"widget\" data-widget_type=\"spacer.default\">\n\t\t\t\t<div class=\"elementor-widget-container\">\n\t\t\t\t\t\t\t<div class=\"elementor-spacer\">\n\t\t\t<div class=\"elementor-spacer-inner\"><\/div>\n\t\t<\/div>\n\t\t\t\t\t\t<\/div>\n\t\t\t\t<\/div>\n\t\t\t\t\t<\/div>\n\t\t<\/div>\n\t\t\t\t\t<\/div>\n\t\t<\/section>\n\t\t\t\t<\/div>\n\t\t","protected":false},"excerpt":{"rendered":"<p>SYNKRO, a solution developed by manufacturing industry experts SYNKRO, a solution developed by manufacturing industry experts More than a supplier, we are your ideal partner ! For over 25 years, Merkur has been helping manufacturing companies maximize their performance. This experience paired with a deep understanding of the industry enabled our passionate experts to develop [&hellip;]<\/p>\n","protected":false},"author":32,"featured_media":0,"parent":0,"menu_order":0,"comment_status":"closed","ping_status":"closed","template":"","meta":{"_acf_changed":false,"_monsterinsights_skip_tracking":false,"_monsterinsights_sitenote_active":false,"_monsterinsights_sitenote_note":"","_monsterinsights_sitenote_category":0,"footnotes":""},"class_list":["post-3769","page","type-page","status-publish","hentry"],"acf":[],"yoast_head":"<!-- This site is optimized with the Yoast SEO plugin v27.5 - https:\/\/yoast.com\/product\/yoast-seo-wordpress\/ -->\n<title>SYNKRO | About us<\/title>\n<meta name=\"description\" content=\"Nous sommes une \u00e9quipe de pionniers du virage num\u00e9rique au Qu\u00e9bec form\u00e9e d\u2019experts manufacturiers, de programmeurs et d\u2019analystes capables de vous faire performer en temps r\u00e9el.\" \/>\n<meta name=\"robots\" content=\"index, follow, max-snippet:-1, max-image-preview:large, max-video-preview:-1\" \/>\n<link rel=\"canonical\" href=\"https:\/\/synkro.ca\/en\/about-us\/\" \/>\n<meta property=\"og:locale\" content=\"en_US\" \/>\n<meta property=\"og:type\" content=\"article\" \/>\n<meta property=\"og:title\" content=\"SYNKRO | About us\" \/>\n<meta property=\"og:description\" content=\"Nous sommes une \u00e9quipe de pionniers du virage num\u00e9rique au Qu\u00e9bec form\u00e9e d\u2019experts manufacturiers, de programmeurs et d\u2019analystes capables de vous faire performer en temps r\u00e9el.\" \/>\n<meta property=\"og:url\" content=\"https:\/\/synkro.ca\/en\/about-us\/\" \/>\n<meta property=\"og:site_name\" content=\"Merkur\" \/>\n<meta property=\"article:modified_time\" content=\"2022-06-08T22:27:19+00:00\" \/>\n<meta property=\"og:image\" content=\"https:\/\/synkro.ca\/wp-content\/uploads\/2020\/09\/logo-merkur.svg\" \/>\n<meta name=\"twitter:card\" content=\"summary_large_image\" \/>\n<meta name=\"twitter:label1\" content=\"Est. reading time\" \/>\n\t<meta name=\"twitter:data1\" content=\"2 minutes\" \/>\n<script type=\"application\/ld+json\" class=\"yoast-schema-graph\">{\"@context\":\"https:\\\/\\\/schema.org\",\"@graph\":[{\"@type\":\"WebPage\",\"@id\":\"https:\\\/\\\/synkro.ca\\\/en\\\/about-us\\\/\",\"url\":\"https:\\\/\\\/synkro.ca\\\/en\\\/about-us\\\/\",\"name\":\"SYNKRO | About us\",\"isPartOf\":{\"@id\":\"https:\\\/\\\/synkro.ca\\\/en\\\/#website\"},\"primaryImageOfPage\":{\"@id\":\"https:\\\/\\\/synkro.ca\\\/en\\\/about-us\\\/#primaryimage\"},\"image\":{\"@id\":\"https:\\\/\\\/synkro.ca\\\/en\\\/about-us\\\/#primaryimage\"},\"thumbnailUrl\":\"https:\\\/\\\/synkro.ca\\\/wp-content\\\/uploads\\\/2020\\\/09\\\/logo-merkur.svg\",\"datePublished\":\"2022-04-27T16:49:52+00:00\",\"dateModified\":\"2022-06-08T22:27:19+00:00\",\"description\":\"Nous sommes une \u00e9quipe de pionniers du virage num\u00e9rique au Qu\u00e9bec form\u00e9e d\u2019experts manufacturiers, de programmeurs et d\u2019analystes capables de vous faire performer en temps r\u00e9el.\",\"breadcrumb\":{\"@id\":\"https:\\\/\\\/synkro.ca\\\/en\\\/about-us\\\/#breadcrumb\"},\"inLanguage\":\"en-US\",\"potentialAction\":[{\"@type\":\"ReadAction\",\"target\":[\"https:\\\/\\\/synkro.ca\\\/en\\\/about-us\\\/\"]}]},{\"@type\":\"ImageObject\",\"inLanguage\":\"en-US\",\"@id\":\"https:\\\/\\\/synkro.ca\\\/en\\\/about-us\\\/#primaryimage\",\"url\":\"https:\\\/\\\/synkro.ca\\\/wp-content\\\/uploads\\\/2020\\\/09\\\/logo-merkur.svg\",\"contentUrl\":\"https:\\\/\\\/synkro.ca\\\/wp-content\\\/uploads\\\/2020\\\/09\\\/logo-merkur.svg\"},{\"@type\":\"BreadcrumbList\",\"@id\":\"https:\\\/\\\/synkro.ca\\\/en\\\/about-us\\\/#breadcrumb\",\"itemListElement\":[{\"@type\":\"ListItem\",\"position\":1,\"name\":\"Home\",\"item\":\"https:\\\/\\\/synkro.ca\\\/en\\\/\"},{\"@type\":\"ListItem\",\"position\":2,\"name\":\"ABOUT US\"}]},{\"@type\":\"WebSite\",\"@id\":\"https:\\\/\\\/synkro.ca\\\/en\\\/#website\",\"url\":\"https:\\\/\\\/synkro.ca\\\/en\\\/\",\"name\":\"Merkur\",\"description\":\"\",\"potentialAction\":[{\"@type\":\"SearchAction\",\"target\":{\"@type\":\"EntryPoint\",\"urlTemplate\":\"https:\\\/\\\/synkro.ca\\\/en\\\/?s={search_term_string}\"},\"query-input\":{\"@type\":\"PropertyValueSpecification\",\"valueRequired\":true,\"valueName\":\"search_term_string\"}}],\"inLanguage\":\"en-US\"}]}<\/script>\n<!-- \/ Yoast SEO plugin. -->","yoast_head_json":{"title":"SYNKRO | About us","description":"Nous sommes une \u00e9quipe de pionniers du virage num\u00e9rique au Qu\u00e9bec form\u00e9e d\u2019experts manufacturiers, de programmeurs et d\u2019analystes capables de vous faire performer en temps r\u00e9el.","robots":{"index":"index","follow":"follow","max-snippet":"max-snippet:-1","max-image-preview":"max-image-preview:large","max-video-preview":"max-video-preview:-1"},"canonical":"https:\/\/synkro.ca\/en\/about-us\/","og_locale":"en_US","og_type":"article","og_title":"SYNKRO | About us","og_description":"Nous sommes une \u00e9quipe de pionniers du virage num\u00e9rique au Qu\u00e9bec form\u00e9e d\u2019experts manufacturiers, de programmeurs et d\u2019analystes capables de vous faire performer en temps r\u00e9el.","og_url":"https:\/\/synkro.ca\/en\/about-us\/","og_site_name":"Merkur","article_modified_time":"2022-06-08T22:27:19+00:00","og_image":[{"url":"https:\/\/synkro.ca\/wp-content\/uploads\/2020\/09\/logo-merkur.svg","type":"","width":"","height":""}],"twitter_card":"summary_large_image","twitter_misc":{"Est. reading time":"2 minutes"},"schema":{"@context":"https:\/\/schema.org","@graph":[{"@type":"WebPage","@id":"https:\/\/synkro.ca\/en\/about-us\/","url":"https:\/\/synkro.ca\/en\/about-us\/","name":"SYNKRO | About us","isPartOf":{"@id":"https:\/\/synkro.ca\/en\/#website"},"primaryImageOfPage":{"@id":"https:\/\/synkro.ca\/en\/about-us\/#primaryimage"},"image":{"@id":"https:\/\/synkro.ca\/en\/about-us\/#primaryimage"},"thumbnailUrl":"https:\/\/synkro.ca\/wp-content\/uploads\/2020\/09\/logo-merkur.svg","datePublished":"2022-04-27T16:49:52+00:00","dateModified":"2022-06-08T22:27:19+00:00","description":"Nous sommes une \u00e9quipe de pionniers du virage num\u00e9rique au Qu\u00e9bec form\u00e9e d\u2019experts manufacturiers, de programmeurs et d\u2019analystes capables de vous faire performer en temps r\u00e9el.","breadcrumb":{"@id":"https:\/\/synkro.ca\/en\/about-us\/#breadcrumb"},"inLanguage":"en-US","potentialAction":[{"@type":"ReadAction","target":["https:\/\/synkro.ca\/en\/about-us\/"]}]},{"@type":"ImageObject","inLanguage":"en-US","@id":"https:\/\/synkro.ca\/en\/about-us\/#primaryimage","url":"https:\/\/synkro.ca\/wp-content\/uploads\/2020\/09\/logo-merkur.svg","contentUrl":"https:\/\/synkro.ca\/wp-content\/uploads\/2020\/09\/logo-merkur.svg"},{"@type":"BreadcrumbList","@id":"https:\/\/synkro.ca\/en\/about-us\/#breadcrumb","itemListElement":[{"@type":"ListItem","position":1,"name":"Home","item":"https:\/\/synkro.ca\/en\/"},{"@type":"ListItem","position":2,"name":"ABOUT US"}]},{"@type":"WebSite","@id":"https:\/\/synkro.ca\/en\/#website","url":"https:\/\/synkro.ca\/en\/","name":"Merkur","description":"","potentialAction":[{"@type":"SearchAction","target":{"@type":"EntryPoint","urlTemplate":"https:\/\/synkro.ca\/en\/?s={search_term_string}"},"query-input":{"@type":"PropertyValueSpecification","valueRequired":true,"valueName":"search_term_string"}}],"inLanguage":"en-US"}]}},"_links":{"self":[{"href":"https:\/\/synkro.ca\/en\/wp-json\/wp\/v2\/pages\/3769","targetHints":{"allow":["GET"]}}],"collection":[{"href":"https:\/\/synkro.ca\/en\/wp-json\/wp\/v2\/pages"}],"about":[{"href":"https:\/\/synkro.ca\/en\/wp-json\/wp\/v2\/types\/page"}],"author":[{"embeddable":true,"href":"https:\/\/synkro.ca\/en\/wp-json\/wp\/v2\/users\/32"}],"replies":[{"embeddable":true,"href":"https:\/\/synkro.ca\/en\/wp-json\/wp\/v2\/comments?post=3769"}],"version-history":[{"count":0,"href":"https:\/\/synkro.ca\/en\/wp-json\/wp\/v2\/pages\/3769\/revisions"}],"wp:attachment":[{"href":"https:\/\/synkro.ca\/en\/wp-json\/wp\/v2\/media?parent=3769"}],"curies":[{"name":"wp","href":"https:\/\/api.w.org\/{rel}","templated":true}]}}